{"id":776,"date":"2019-03-08T13:11:26","date_gmt":"2019-03-08T12:11:26","guid":{"rendered":"https:\/\/ostschule.de\/schule\/?page_id=776"},"modified":"2026-02-09T20:32:02","modified_gmt":"2026-02-09T19:32:02","slug":"jahrgang-13-qualifikationsphase-3-und-4","status":"publish","type":"page","link":"https:\/\/ostschule.de\/schule\/organisation\/sekundarstufe-ii\/jahrgang-13-qualifikationsphase-3-und-4\/","title":{"rendered":"Jahrgang 13 &#8211; Qualifikationsphase 3 und 4"},"content":{"rendered":"<p>Am Ende der Jahrgangsstufe 13 steht die Verleihung des Abiturs.<\/p>\n<p>Auf der Seite des Kultusministeriums finden sich <a href=\"https:\/\/kultus.hessen.de\/schulsystem\/schulrecht\">die allgemeinen Bestimmungen<\/a> zur Durchf&uuml;hrung des hessischen Landesabiturs.<\/p>\n<p>N&auml;here Informationen zu Regelungen und Terminen an der GGO k&ouml;nnen auf den Checklisten beim B&uuml;ro der <a href=\"https:\/\/ostschule.de\/schule\/schule\/schulleitung\/oberstufenleitung\/\">Oberstufenleitung<\/a> gefunden werden.<\/p>\n","protected":false},"excerpt":{"rendered":"<p>Am Ende der Jahrgangsstufe 13 steht die Verleihung des Abiturs. Auf der Seite des Kultusministeriums finden sich die allgemeinen Bestimmungen zur Durchf\u00fchrung des hessischen Landesabiturs. N\u00e4here Informationen zu Regelungen und Terminen an der GGO k\u00f6nnen auf den Checklisten beim B\u00fcro der Oberstufenleitung gefunden werden.<\/p>\n","protected":false},"author":1,"featured_media":0,"parent":68,"menu_order":0,"comment_status":"closed","ping_status":"closed","template":"","meta":{"_crdt_document":"","footnotes":""},"class_list":["post-776","page","type-page","status-publish","hentry"],"_links":{"self":[{"href":"https:\/\/ostschule.de\/schule\/wp-json\/wp\/v2\/pages\/776","targetHints":{"allow":["GET"]}}],"collection":[{"href":"https:\/\/ostschule.de\/schule\/wp-json\/wp\/v2\/pages"}],"about":[{"href":"https:\/\/ostschule.de\/schule\/wp-json\/wp\/v2\/types\/page"}],"author":[{"embeddable":true,"href":"https:\/\/ostschule.de\/schule\/wp-json\/wp\/v2\/users\/1"}],"replies":[{"embeddable":true,"href":"https:\/\/ostschule.de\/schule\/wp-json\/wp\/v2\/comments?post=776"}],"version-history":[{"count":6,"href":"https:\/\/ostschule.de\/schule\/wp-json\/wp\/v2\/pages\/776\/revisions"}],"predecessor-version":[{"id":5424,"href":"https:\/\/ostschule.de\/schule\/wp-json\/wp\/v2\/pages\/776\/revisions\/5424"}],"up":[{"embeddable":true,"href":"https:\/\/ostschule.de\/schule\/wp-json\/wp\/v2\/pages\/68"}],"wp:attachment":[{"href":"https:\/\/ostschule.de\/schule\/wp-json\/wp\/v2\/media?parent=776"}],"curies":[{"name":"wp","href":"https:\/\/api.w.org\/{rel}","templated":true}]}}